{"id":3165,"date":"2025-02-05T11:01:11","date_gmt":"2025-02-05T14:01:11","guid":{"rendered":"https:\/\/www.strauhs.com.br\/politica-de-privacidade\/"},"modified":"2025-04-22T15:08:54","modified_gmt":"2025-04-22T18:08:54","slug":"politica-de-privacidad","status":"publish","type":"page","link":"https:\/\/www.strauhs.com.br\/es\/politica-de-privacidad\/","title":{"rendered":"Pol\u00edtica de Privacidad"},"content":{"rendered":"\n<h2 class=\"wp-block-heading\">Pol\u00edtica de Privacidad<\/h2>\n\n\n\n<p>\u00daltima actualizaci\u00f3n: 22 de abril de 2025<\/p>\n\n\n\n<p>La garant\u00eda de la privacidad es un derecho importante que tienen todos los titulares de datos personales, y el uso de dichos datos por parte de terceros debe ser l\u00edcito, transparente, limitado y seguro.<\/p>\n\n\n\n<p>La presente Pol\u00edtica de Privacidad ha sido establecida por STRAUHS con el objetivo de mantenerlo a usted, Usuario de nuestros sitios web, debidamente informado sobre todo lo relacionado con su informaci\u00f3n personal, en el \u00e1mbito del tratamiento de datos que realizamos.<\/p>\n\n\n\n<p>Tambi\u00e9n le informamos que esta Pol\u00edtica se extiende a los siguientes sitios web:<\/p>\n\n\n\n<ul class=\"wp-block-list\">\n<li>strauhs.com.br<\/li>\n<\/ul>\n\n\n\n<p><strong>NUESTRO COMPROMISO<\/strong><\/p>\n\n\n\n<p>STRAUHS est\u00e1 comprometida con el uso legal de los datos personales, observando la legislaci\u00f3n aplicable, y est\u00e1 enfocada en ofrecer cumplimiento y seguridad en el procesamiento de datos, a trav\u00e9s de la adopci\u00f3n de buenas pr\u00e1cticas de gobernanza de la privacidad y mecanismos t\u00e9cnicos y administrativos apropiados para controlar y monitorear el uso de datos personales por parte de nuestra organizaci\u00f3n.<\/p>\n\n\n\n<p>Su informaci\u00f3n ser\u00e1 almacenada en nuestro servidor y siempre que haya una necesidad de identificaci\u00f3n o suministro de informaci\u00f3n, la transmisi\u00f3n de datos entre su computadora y el sitio web de STRAUHS se realizar\u00e1 a trav\u00e9s de una conexi\u00f3n segura.<\/p>\n\n\n\n<p>La adopci\u00f3n de tales medidas de protecci\u00f3n, a pesar de reducir los riesgos, no evita la posibilidad de que surjan problemas en el tratamiento de datos. STRAUHS, observando los principios de transparencia y responsabilidad, tan pronto tenga conocimiento de cualquier incidencia relacionada con datos personales, comunicar\u00e1 inmediatamente el hecho al respectivo(s) titular(es).<\/p>\n\n\n\n<p>Toda la informaci\u00f3n recopilada en los sitios web se almacenar\u00e1 en nuestra base de datos sin interferencia humana.<\/p>\n\n\n\n<p><strong>SOBRE LOS DATOS PERSONALES<\/strong><\/p>\n\n\n\n<p>Cuando usted, un individuo, ingresa a nuestros sitios web o interact\u00faa con ellos de cualquier manera, al completar un formulario de registro, por ejemplo, podemos capturar o acceder a datos sobre usted.<\/p>\n\n\n\n<p><strong>Datos que usted nos proporciona:<\/strong><\/p>\n\n\n\n<ul class=\"wp-block-list\">\n<li>Datos de registro, tales como: nombre, apellido, celular, tel\u00e9fono, ocupaci\u00f3n, correo electr\u00f3nico y tambi\u00e9n aquellos com\u00fanmente solicitados en los registros de participantes de la promoci\u00f3n, como CPF, direcci\u00f3n, profesi\u00f3n, foto y otros, que eventualmente puedan ser solicitados con motivo de su registro en el sitio web o solicitudes de contacto.<\/li>\n<\/ul>\n\n\n\n<p><strong>Datos que recopilamos autom\u00e1ticamente:<\/strong><\/p>\n\n\n\n<ul class=\"wp-block-list\">\n<li>Informaci\u00f3n p\u00fablica sobre usted y su perfil, disponible en sitios web como \u201csitios web abiertos\u201d, \u201credes sociales\u201d, \u201cfuentes p\u00fablicas de Internet\u201d;<\/li>\n\n\n\n<li>Tambi\u00e9n utilizamos cookies, que son peque\u00f1os archivos de datos que se almacenan en tu ordenador y que nos permiten identificar tus preferencias, facilitando tu experiencia de navegaci\u00f3n en Internet.<\/li>\n\n\n\n<li>Las cookies son capaces de identificar el dispositivo que est\u00e1s utilizando y recoger datos de registro, como: navegador, sistema operativo, direcci\u00f3n IP (Protocolo de Internet), horas y origen de acceso a nuestra web, p\u00e1ginas visitadas, datos de ubicaci\u00f3n.<\/li>\n\n\n\n<li>Con su permiso, podremos tratar los datos recopilados mediante Inteligencia Artificial, segregando dichos datos en diferentes grupos, entre otros.<\/li>\n<\/ul>\n\n\n\n<p>Cuando interact\u00fae con nuestros materiales y contenidos, recopilaremos sus datos de navegaci\u00f3n mencionados anteriormente, sus datos sobre la visita a nuestras p\u00e1ginas y otra informaci\u00f3n que comparta con nosotros, a trav\u00e9s de sus interacciones con nuestros formularios, Landing Pages y correos electr\u00f3nicos, por ejemplo.<\/p>\n\n\n\n<p>Para ofrecerle contenidos y materiales que le interesen, a menudo es necesario cruzar datos para que nuestras acciones de marketing se dirijan a lo que usted espera recibir. Le garantizamos que este cruce no se realiza de forma discriminatoria, ni viola ninguno de sus derechos o libertades individuales. Adem\u00e1s, usted puede, en cualquier momento, solicitar la eliminaci\u00f3n de dichos permisos de procesamiento de datos, a trav\u00e9s de nuestra direcci\u00f3n de correo electr\u00f3nico: privacy@strauhs.com.<\/p>\n\n\n\n<p>Teniendo en cuenta todos estos puntos, sus datos pueden utilizarse de las siguientes maneras::<\/p>\n\n\n\n<ul class=\"wp-block-list\">\n<li>Su correo electr\u00f3nico se utiliza para enviarle el material o informaci\u00f3n que usted solicit\u00f3 al rellenar el formulario. Tambi\u00e9n se puede utilizar para enviar newsletters, comunicar el lanzamiento de nuevos materiales gratuitos o nuevos productos de STRAUHS, as\u00ed como de nuestros socios. Sin embargo, el usuario podr\u00e1 cancelar la suscripci\u00f3n en cualquier momento;<\/li>\n\n\n\n<li>Enviarle mensajes de soporte o relacionados con el servicio, como alertas, notificaciones y actualizaciones;<\/li>\n\n\n\n<li>Comunicarnos con usted sobre productos, servicios, promociones, noticias, actualizaciones, eventos y otros asuntos que puedan ser de su inter\u00e9s; y<\/li>\n\n\n\n<li>Realizar publicidad dirigida en funci\u00f3n de sus gustos, intereses y otra informaci\u00f3n recopilada.<\/li>\n<\/ul>\n\n\n\n<p><strong>Cliente de STRAUHS<\/strong><\/p>\n\n\n\n<p>Si usted es Cliente de STRAUHS, adem\u00e1s de los datos de navegaci\u00f3n, con su consentimiento, recogeremos sus datos de registro y profesionales, como nombre, CPF, correo electr\u00f3nico, empresa y pa\u00eds. Ocasionalmente, la solicitud de alguna informaci\u00f3n podr\u00e1 realizarse a trav\u00e9s del contacto directo de STRAUHS con usted v\u00eda SAC \u2013 Servicio al Cliente, Ventas o Representantes Comerciales de STRAUHS.<\/p>\n\n\n\n<p>Si utiliza su cuenta de Facebook\/Gmail para integrarse con los servicios ofrecidos, tambi\u00e9n podremos recopilar datos personales de acceso p\u00fablico y\/o proporcionados por Facebook y\/o Gmail, como nombre, foto y correo electr\u00f3nico.<\/p>\n\n\n\n<p><strong>Participantes del evento STRAUHS<\/strong><\/p>\n\n\n\n<p>Si participa en un evento organizado por STRAUHS, se recopilar\u00e1n los datos necesarios para confirmar su registro (como nombre, datos de ubicaci\u00f3n, empresa en la que trabaja y lugar de residencia).<\/p>\n\n\n\n<p>Tus datos de correo electr\u00f3nico, recogidos en nuestros eventos, ser\u00e1n compartidos con nuestro equipo de Marketing, con el objetivo de enviarte contenidos y novedades sobre temas relacionados con la propuesta del evento. Puede solicitar cambiar estas preferencias en cualquier momento enviando un correo electr\u00f3nico a la siguiente direcci\u00f3n: privacy@strauhs.com.<\/p>\n\n\n\n<p><strong>Menores<\/strong><\/p>\n\n\n\n<p>Nuestro sitio web no est\u00e1 destinado a ser utilizado por menores. La participaci\u00f3n de los Usuarios est\u00e1 sujeta a su capacidad legal, y s\u00f3lo es autorizado y v\u00e1lido el registro de personas mayores de 18 a\u00f1os. En otras palabras, los menores de 18 a\u00f1os no deben registrarse en nuestros sitios web.<\/p>\n\n\n\n<p><strong>Qu\u00e9 hacemos con tus datos personales<\/strong><\/p>\n\n\n\n<p>Sus datos personales se utilizan para los siguientes fines:<\/p>\n\n\n\n<ul class=\"wp-block-list\">\n<li>Controlar su acceso y participaci\u00f3n en sitios web y otros mecanismos de interacci\u00f3n;<\/li>\n\n\n\n<li>Proceder a la entrega de cualquier premio;<\/li>\n\n\n\n<li>Compartir informaci\u00f3n sobre su perfil y h\u00e1bitos de consumo con empresas asociadas con el fin de enviarle ofertas publicitarias espec\u00edficas que puedan ser de su inter\u00e9s.<\/li>\n\n\n\n<li>Personalice el contenido de los sitios web de STRAUHS seg\u00fan sus preferencias y datos.<\/li>\n<\/ul>\n\n\n\n<p><strong>\u00bfCu\u00e1l es la base legal y durante cu\u00e1nto tiempo conservamos tus datos personales?<\/strong><\/p>\n\n\n\n<ul class=\"wp-block-list\">\n<li>Sus datos personales ser\u00e1n almacenados de acuerdo con las bases legales que nos permiten realizar el respectivo tratamiento:<\/li>\n\n\n\n<li>En cumplimiento de una obligaci\u00f3n legal o reglamentaria \u2013 Por el per\u00edodo que determine la legislaci\u00f3n o normas regulatorias, necesario para acreditar actividades y\/o rendir cuentas.<\/li>\n\n\n\n<li>Ejecuci\u00f3n del Contrato \u2013 Mientras est\u00e9 vigente el contrato que dio origen a la recolecci\u00f3n\/uso de datos personales y eventualmente despu\u00e9s de su terminaci\u00f3n, para fines de control hist\u00f3rico, siendo anonimizados, siempre que sea posible.<\/li>\n\n\n\n<li>Inter\u00e9s Leg\u00edtimo \u2013 Siempre que el almacenamiento de datos se base en finalidades leg\u00edtimas, relacionadas con las actividades desarrolladas por la empresa, o para la oferta\/prestaci\u00f3n de servicios que beneficien al titular, podremos conservar los datos personales estrictamente necesarios, para apoyar y promover dichas actividades, mientras duren las mismas.<\/li>\n\n\n\n<li>Consentimiento \u2013 Conservaremos los datos personales proporcionados durante el plazo expresado en el formulario de consentimiento, o en su defecto, hasta que el consentimiento sea revocado por el titular.<\/li>\n\n\n\n<li>Ejercicio regular de derechos \u2013 Podremos utilizar los datos personales en caso de necesidad para promover y\/o participar en procedimientos administrativos, judiciales o arbitrales, durante el tiempo legalmente requerido.<\/li>\n\n\n\n<li>Otras bases legales \u2013 Tambi\u00e9n podremos tener que mantener sus datos personales almacenados en base a otras bases legales ya establecidas, o que puedan crearse en el futuro, durante el tiempo que cada situaci\u00f3n as\u00ed lo requiera, siempre con el objetivo de preservar los principios de buena fe, transparencia y seguridad en el tratamiento de sus datos personales.<\/li>\n<\/ul>\n\n\n\n<p><strong>Con qui\u00e9n compartimos tus datos personales<\/strong><\/p>\n\n\n\n<p>Podemos compartir sus datos personales con:<\/p>\n\n\n\n<ul class=\"wp-block-list\">\n<li>Empresas colaboradoras con el fin de analizar tu perfil y enviarte ofertas personalizadas, seg\u00fan tus h\u00e1bitos y costumbres.<\/li>\n\n\n\n<li>Entidades gubernamentales, en cumplimiento de la ley o de \u00f3rdenes judiciales;<\/li>\n\n\n\n<li>Cuando se contrate un premio o experiencia que requiera el nombre del titular que tenga derecho al beneficio;<\/li>\n\n\n\n<li>Anunciantes: Eventualmente usted podr\u00e1 recibir directamente anuncios, contenidos y enlaces mostrados de manera personalizada por parte de STRAUHS, de acuerdo a sus intereses y comportamiento en nuestros sitios web u otros servicios con los que interact\u00fae. Para este fin, se podr\u00e1n compartir datos entre STRAUHS y la plataforma de publicidad dirigida, principalmente identificadores \u00fanicos, direcciones IP, cookies y otra informaci\u00f3n recopilada de su navegador, que podr\u00e1n utilizarse para medir la eficacia de la publicidad en l\u00ednea. Puede solicitar la cancelaci\u00f3n de la suscripci\u00f3n a esta publicidad poni\u00e9ndose en contacto con nosotros en la siguiente direcci\u00f3n de correo electr\u00f3nico: privacy@strauhs.com.<\/li>\n\n\n\n<li>Nuestros socios: Podemos asociarnos con otras empresas para realizar trabajos en nuestro nombre y, para hacerlo, necesitaremos compartir sus datos personales con ellas para brindarle productos y servicios.<\/li>\n\n\n\n<li>Estad\u00edsticas: Los datos almacenados por STRAUHS podr\u00e1n ser utilizados con fines estad\u00edsticos (an\u00e1lisis). Estos datos se agrupan con el objetivo de proporcionar un an\u00e1lisis macro del escenario y, por lo tanto, no buscan identificar ni hacer identificables a los titulares de los datos personales, sino solo comprender mejor c\u00f3mo acceden a los sitios web de STRAUHS, con el prop\u00f3sito de mejorar la prestaci\u00f3n de servicios y personalizar productos m\u00e1s espec\u00edficos a los intereses de los usuarios.<\/li>\n\n\n\n<li>Perfiles de redes sociales u otros env\u00edos: El registro en los sitios web de STRAUHS le permite acceder iniciando sesi\u00f3n en su cuenta de Facebook o Gmail, por lo tanto, ciertos datos de su cuenta de Facebook y Gmail pueden compartirse con STRAUHS. En este sentido, al iniciar sesi\u00f3n, revisa los datos personales de acceso p\u00fablico que estas plataformas autorizan para que puedas decidir qu\u00e9 quieres o no compartir con nosotros. No controlamos las pol\u00edticas y pr\u00e1cticas de ning\u00fan otro sitio web o servicio de terceros, por lo que si se registra utilizando su perfil en una red social, tenga esto en cuenta.<\/li>\n<\/ul>\n\n\n\n<p><strong>\u00bfCu\u00e1les son sus derechos con respecto a los datos personales que procesamos?<\/strong><\/p>\n\n\n\n<p>Adem\u00e1s del cuidado que tomamos para preservar la seguridad de sus datos personales, tambi\u00e9n garantizamos que el titular obtenga informaci\u00f3n clara y precisa respecto del tratamiento de datos que realizamos.<\/p>\n\n\n\n<p>Por tanto, usted tiene derecho, en cualquier momento y previa solicitud:<\/p>\n\n\n\n<ul class=\"wp-block-list\">\n<li>Saber si tratamos datos que le pertenecen;<\/li>\n\n\n\n<li>Tener acceso a saber cu\u00e1les de tus datos personales procesamos;<\/li>\n\n\n\n<li>Solicitar la correcci\u00f3n de datos incompletos, inexactos o desactualizados;<\/li>\n\n\n\n<li>Solicitar el bloqueo, supresi\u00f3n o anonimizaci\u00f3n de los datos;<\/li>\n\n\n\n<li>Revocar el consentimiento prestado para el uso de los datos y solicitar su eliminaci\u00f3n de nuestras bases de datos.<\/li>\n\n\n\n<li>Obtener informaci\u00f3n sobre el intercambio de datos;<\/li>\n<\/ul>\n\n\n\n<p><strong>C\u00f3mo resolver consultas sobre datos personales tratados por STRAUHS<\/strong><\/p>\n\n\n\n<p>Si tiene alguna pregunta sobre el tratamiento de datos realizado por STRAUHS, puede solicitar m\u00e1s informaci\u00f3n y aclaraciones directamente a nuestro Responsable del Tratamiento, quien podr\u00e1 responderle en el plazo previsto por la ley.<\/p>\n\n\n\n<p>Para ello, utilice la siguiente direcci\u00f3n de correo electr\u00f3nico: privacy@strauhs.com.<\/p>\n\n\n\n<p><strong>ACTUALIZACI\u00d3N DE LA POL\u00cdTICA DE PRIVACIDAD<\/strong><\/p>\n\n\n\n<p>La presente Pol\u00edtica de Privacidad, conforme a la din\u00e1mica de las relaciones actualmente existentes, ser\u00e1 tambi\u00e9n constantemente revisada y actualizada, incorporando novedades y adecu\u00e1ndose a las exigencias legales, siempre con el objetivo de preservar la privacidad de los titulares de los datos personales y asegurar el uso leg\u00edtimo de su informaci\u00f3n.<\/p>\n\n\n\n<p><\/p>\n","protected":false},"excerpt":{"rendered":"<p>Pol\u00edtica de Privacidad \u00daltima actualizaci\u00f3n: 22 de abril de 2025 La garant\u00eda de la privacidad es un derecho importante que tienen todos los titulares de datos personales, y el uso de dichos datos por parte de terceros debe ser l\u00edcito, transparente, limitado y seguro. La presente Pol\u00edtica de Privacidad ha sido establecida por STRAUHS con [&hellip;]<\/p>\n","protected":false},"author":1,"featured_media":0,"parent":0,"menu_order":0,"comment_status":"closed","ping_status":"open","template":"template-politica-de-privacidade.php","meta":{"_acf_changed":false,"_exactmetrics_skip_tracking":false,"_exactmetrics_sitenote_active":false,"_exactmetrics_sitenote_note":"","_exactmetrics_sitenote_category":0,"footnotes":""},"class_list":["post-3165","page","type-page","status-publish","hentry"],"acf":[],"yoast_head":"<!-- This site is optimized with the Yoast SEO plugin v25.0 - https:\/\/yoast.com\/wordpress\/plugins\/seo\/ -->\n<title>Pol\u00edtica de Privacidad - Strauhs<\/title>\n<meta name=\"robots\" content=\"index, follow, max-snippet:-1, max-image-preview:large, max-video-preview:-1\" \/>\n<link rel=\"canonical\" href=\"https:\/\/www.strauhs.com.br\/es\/politica-de-privacidad\/\" \/>\n<meta property=\"og:locale\" content=\"es_ES\" \/>\n<meta property=\"og:type\" content=\"article\" \/>\n<meta property=\"og:title\" content=\"Pol\u00edtica de Privacidad - Strauhs\" \/>\n<meta property=\"og:description\" content=\"Pol\u00edtica de Privacidad \u00daltima actualizaci\u00f3n: 22 de abril de 2025 La garant\u00eda de la privacidad es un derecho importante que tienen todos los titulares de datos personales, y el uso de dichos datos por parte de terceros debe ser l\u00edcito, transparente, limitado y seguro. La presente Pol\u00edtica de Privacidad ha sido establecida por STRAUHS con [&hellip;]\" \/>\n<meta property=\"og:url\" content=\"https:\/\/www.strauhs.com.br\/es\/politica-de-privacidad\/\" \/>\n<meta property=\"og:site_name\" content=\"Strauhs\" \/>\n<meta property=\"article:publisher\" content=\"https:\/\/www.facebook.com\/strauhsequipamentos\" \/>\n<meta property=\"article:modified_time\" content=\"2025-04-22T18:08:54+00:00\" \/>\n<meta name=\"twitter:card\" content=\"summary_large_image\" \/>\n<meta name=\"twitter:label1\" content=\"Tiempo de lectura\" \/>\n\t<meta name=\"twitter:data1\" content=\"10 minutos\" \/>\n<script type=\"application\/ld+json\" class=\"yoast-schema-graph\">{\"@context\":\"https:\/\/schema.org\",\"@graph\":[{\"@type\":\"WebPage\",\"@id\":\"https:\/\/www.strauhs.com.br\/es\/politica-de-privacidad\/\",\"url\":\"https:\/\/www.strauhs.com.br\/es\/politica-de-privacidad\/\",\"name\":\"Pol\u00edtica de Privacidad - Strauhs\",\"isPartOf\":{\"@id\":\"https:\/\/www.strauhs.com.br\/es\/#website\"},\"datePublished\":\"2025-02-05T14:01:11+00:00\",\"dateModified\":\"2025-04-22T18:08:54+00:00\",\"breadcrumb\":{\"@id\":\"https:\/\/www.strauhs.com.br\/es\/politica-de-privacidad\/#breadcrumb\"},\"inLanguage\":\"es\",\"potentialAction\":[{\"@type\":\"ReadAction\",\"target\":[\"https:\/\/www.strauhs.com.br\/es\/politica-de-privacidad\/\"]}]},{\"@type\":\"BreadcrumbList\",\"@id\":\"https:\/\/www.strauhs.com.br\/es\/politica-de-privacidad\/#breadcrumb\",\"itemListElement\":[{\"@type\":\"ListItem\",\"position\":1,\"name\":\"In\u00edcio\",\"item\":\"https:\/\/www.strauhs.com.br\/es\/\"},{\"@type\":\"ListItem\",\"position\":2,\"name\":\"Pol\u00edtica de Privacidad\"}]},{\"@type\":\"WebSite\",\"@id\":\"https:\/\/www.strauhs.com.br\/es\/#website\",\"url\":\"https:\/\/www.strauhs.com.br\/es\/\",\"name\":\"Strauhs Equipamentos\",\"description\":\"Tecnologia em Equipamentos\",\"publisher\":{\"@id\":\"https:\/\/www.strauhs.com.br\/es\/#organization\"},\"potentialAction\":[{\"@type\":\"SearchAction\",\"target\":{\"@type\":\"EntryPoint\",\"urlTemplate\":\"https:\/\/www.strauhs.com.br\/es\/?s={search_term_string}\"},\"query-input\":{\"@type\":\"PropertyValueSpecification\",\"valueRequired\":true,\"valueName\":\"search_term_string\"}}],\"inLanguage\":\"es\"},{\"@type\":\"Organization\",\"@id\":\"https:\/\/www.strauhs.com.br\/es\/#organization\",\"name\":\"Strauhs Equipamentos\",\"url\":\"https:\/\/www.strauhs.com.br\/es\/\",\"logo\":{\"@type\":\"ImageObject\",\"inLanguage\":\"es\",\"@id\":\"https:\/\/www.strauhs.com.br\/es\/#\/schema\/logo\/image\/\",\"url\":\"https:\/\/www.strauhs.com.br\/site\/uploads\/2025\/05\/logo-wp.png\",\"contentUrl\":\"https:\/\/www.strauhs.com.br\/site\/uploads\/2025\/05\/logo-wp.png\",\"width\":294,\"height\":86,\"caption\":\"Strauhs Equipamentos\"},\"image\":{\"@id\":\"https:\/\/www.strauhs.com.br\/es\/#\/schema\/logo\/image\/\"},\"sameAs\":[\"https:\/\/www.facebook.com\/strauhsequipamentos\",\"https:\/\/www.linkedin.com\/company\/strauhs-equipamentos\/\",\"https:\/\/www.instagram.com\/strauhsequipamentos\/\",\"https:\/\/www.youtube.com\/@strauhsequipamentos1308\"]}]}<\/script>\n<!-- \/ Yoast SEO plugin. -->","yoast_head_json":{"title":"Pol\u00edtica de Privacidad - Strauhs","robots":{"index":"index","follow":"follow","max-snippet":"max-snippet:-1","max-image-preview":"max-image-preview:large","max-video-preview":"max-video-preview:-1"},"canonical":"https:\/\/www.strauhs.com.br\/es\/politica-de-privacidad\/","og_locale":"es_ES","og_type":"article","og_title":"Pol\u00edtica de Privacidad - Strauhs","og_description":"Pol\u00edtica de Privacidad \u00daltima actualizaci\u00f3n: 22 de abril de 2025 La garant\u00eda de la privacidad es un derecho importante que tienen todos los titulares de datos personales, y el uso de dichos datos por parte de terceros debe ser l\u00edcito, transparente, limitado y seguro. La presente Pol\u00edtica de Privacidad ha sido establecida por STRAUHS con [&hellip;]","og_url":"https:\/\/www.strauhs.com.br\/es\/politica-de-privacidad\/","og_site_name":"Strauhs","article_publisher":"https:\/\/www.facebook.com\/strauhsequipamentos","article_modified_time":"2025-04-22T18:08:54+00:00","twitter_card":"summary_large_image","twitter_misc":{"Tiempo de lectura":"10 minutos"},"schema":{"@context":"https:\/\/schema.org","@graph":[{"@type":"WebPage","@id":"https:\/\/www.strauhs.com.br\/es\/politica-de-privacidad\/","url":"https:\/\/www.strauhs.com.br\/es\/politica-de-privacidad\/","name":"Pol\u00edtica de Privacidad - Strauhs","isPartOf":{"@id":"https:\/\/www.strauhs.com.br\/es\/#website"},"datePublished":"2025-02-05T14:01:11+00:00","dateModified":"2025-04-22T18:08:54+00:00","breadcrumb":{"@id":"https:\/\/www.strauhs.com.br\/es\/politica-de-privacidad\/#breadcrumb"},"inLanguage":"es","potentialAction":[{"@type":"ReadAction","target":["https:\/\/www.strauhs.com.br\/es\/politica-de-privacidad\/"]}]},{"@type":"BreadcrumbList","@id":"https:\/\/www.strauhs.com.br\/es\/politica-de-privacidad\/#breadcrumb","itemListElement":[{"@type":"ListItem","position":1,"name":"In\u00edcio","item":"https:\/\/www.strauhs.com.br\/es\/"},{"@type":"ListItem","position":2,"name":"Pol\u00edtica de Privacidad"}]},{"@type":"WebSite","@id":"https:\/\/www.strauhs.com.br\/es\/#website","url":"https:\/\/www.strauhs.com.br\/es\/","name":"Strauhs Equipamentos","description":"Tecnologia em Equipamentos","publisher":{"@id":"https:\/\/www.strauhs.com.br\/es\/#organization"},"potentialAction":[{"@type":"SearchAction","target":{"@type":"EntryPoint","urlTemplate":"https:\/\/www.strauhs.com.br\/es\/?s={search_term_string}"},"query-input":{"@type":"PropertyValueSpecification","valueRequired":true,"valueName":"search_term_string"}}],"inLanguage":"es"},{"@type":"Organization","@id":"https:\/\/www.strauhs.com.br\/es\/#organization","name":"Strauhs Equipamentos","url":"https:\/\/www.strauhs.com.br\/es\/","logo":{"@type":"ImageObject","inLanguage":"es","@id":"https:\/\/www.strauhs.com.br\/es\/#\/schema\/logo\/image\/","url":"https:\/\/www.strauhs.com.br\/site\/uploads\/2025\/05\/logo-wp.png","contentUrl":"https:\/\/www.strauhs.com.br\/site\/uploads\/2025\/05\/logo-wp.png","width":294,"height":86,"caption":"Strauhs Equipamentos"},"image":{"@id":"https:\/\/www.strauhs.com.br\/es\/#\/schema\/logo\/image\/"},"sameAs":["https:\/\/www.facebook.com\/strauhsequipamentos","https:\/\/www.linkedin.com\/company\/strauhs-equipamentos\/","https:\/\/www.instagram.com\/strauhsequipamentos\/","https:\/\/www.youtube.com\/@strauhsequipamentos1308"]}]}},"_links":{"self":[{"href":"https:\/\/www.strauhs.com.br\/es\/wp-json\/wp\/v2\/pages\/3165","targetHints":{"allow":["GET"]}}],"collection":[{"href":"https:\/\/www.strauhs.com.br\/es\/wp-json\/wp\/v2\/pages"}],"about":[{"href":"https:\/\/www.strauhs.com.br\/es\/wp-json\/wp\/v2\/types\/page"}],"author":[{"embeddable":true,"href":"https:\/\/www.strauhs.com.br\/es\/wp-json\/wp\/v2\/users\/1"}],"replies":[{"embeddable":true,"href":"https:\/\/www.strauhs.com.br\/es\/wp-json\/wp\/v2\/comments?post=3165"}],"version-history":[{"count":2,"href":"https:\/\/www.strauhs.com.br\/es\/wp-json\/wp\/v2\/pages\/3165\/revisions"}],"predecessor-version":[{"id":3168,"href":"https:\/\/www.strauhs.com.br\/es\/wp-json\/wp\/v2\/pages\/3165\/revisions\/3168"}],"wp:attachment":[{"href":"https:\/\/www.strauhs.com.br\/es\/wp-json\/wp\/v2\/media?parent=3165"}],"curies":[{"name":"wp","href":"https:\/\/api.w.org\/{rel}","templated":true}]}}