{"id":3177,"date":"2025-04-22T15:09:31","date_gmt":"2025-04-22T18:09:31","guid":{"rendered":"https:\/\/www.strauhs.com.br\/termos-e-condicoes-gerais-de-uso\/"},"modified":"2025-04-22T15:15:15","modified_gmt":"2025-04-22T18:15:15","slug":"condiciones-generales-de-uso","status":"publish","type":"page","link":"https:\/\/www.strauhs.com.br\/es\/condiciones-generales-de-uso\/","title":{"rendered":"Condiciones Generales de Uso"},"content":{"rendered":"\n<h2 class=\"wp-block-heading\">Condiciones Generales de Uso<\/h2>\n\n\n\n<p>Las presentes Condiciones Generales de Uso regulan la forma de utilizaci\u00f3n de los siguientes sitios web:<\/p>\n\n\n\n<ul class=\"wp-block-list\">\n<li>strauhs.com.br<\/li>\n<\/ul>\n\n\n\n<p>Los sitios web, la marca y todos los derechos accesorios son propiedad exclusiva de STRAUHS, persona jur\u00eddica de derecho privado, registrada en el CNPJ\/MF con el n.\u00ba 001468. 00,000,000\/0000-00, domiciliada en la calle &#8212;&#8212; &#8212;&#8212;&#8211;, No. 000, colonia &#8212;&#8212;&#8211;, de la ciudad de &#8212;&#8212;&#8212;&#8212;, Estado de &#8212;&#8212;&#8212;&#8211;. Los sitios web est\u00e1n dirigidos a personas f\u00edsicas, brasile\u00f1as o extranjeras, mayores de 18 (dieciocho) a\u00f1os. El acceso y\/o registro se realizar\u00e1 a trav\u00e9s de los sitios web anteriormente mencionados. Para que los visitantes puedan acceder a los sitios web es imprescindible la aceptaci\u00f3n plena y sin restricciones de la Pol\u00edtica de Privacidad.<\/p>\n\n\n\n<p><strong>TRATAMIENTO DE DATOS PERSONALES<\/strong><\/p>\n\n\n\n<p>STRAUHS tratar\u00e1 los datos personales de acuerdo con su pol\u00edtica de privacidad, debidamente publicada en sus sitios web. Los datos personales proporcionados por los visitantes de STRAUHS se almacenan y utilizan para:<\/p>\n\n\n\n<ul class=\"wp-block-list\">\n<li>Controlar su acceso y participaci\u00f3n en sitios web y otros mecanismos de interacci\u00f3n;<\/li>\n\n\n\n<li>Proceder a la entrega de cualquier premio;<\/li>\n\n\n\n<li>Compartir informaci\u00f3n sobre su perfil y h\u00e1bitos de consumo con empresas asociadas con el fin de enviarle ofertas publicitarias espec\u00edficas que puedan ser de su inter\u00e9s.<\/li>\n\n\n\n<li>Personalice el contenido de los sitios web de STRAUHS seg\u00fan sus preferencias y datos.<\/li>\n<\/ul>\n\n\n\n<p>Una vez que el visitante proporcione datos, STRAUHS podr\u00e1 ejecutar sus propios procesos para recolectar datos p\u00fablicos del visitante con el prop\u00f3sito de completar el perfil, de redes sociales como Google, Facebook, Instagram, LinkedIn, entre otras. STRAUHS podr\u00e1 compartir datos personales con:<\/p>\n\n\n\n<ul class=\"wp-block-list\">\n<li>Empresas colaboradoras, con la finalidad de analizar los perfiles de los visitantes y enviarles ofertas personalizadas, seg\u00fan sus h\u00e1bitos y costumbres.<\/li>\n\n\n\n<li>Entidades gubernamentales, en cumplimiento de la ley o de \u00f3rdenes judiciales.<\/li>\n\n\n\n<li>Cuando se contrate un premio o experiencia que requiera el nombre del titular que tenga derecho al beneficio;<\/li>\n\n\n\n<li>Anunciantes: Ocasionalmente, usted podr\u00e1 recibir directamente anuncios, contenidos y enlaces mostrados de manera personalizada por parte de STRAUHS, de acuerdo con sus intereses y comportamiento en nuestros sitios web u otros servicios con los que interact\u00fae. Para este fin, se podr\u00e1n compartir datos entre STRAUHS y la plataforma de publicidad dirigida, principalmente identificadores \u00fanicos, direcciones IP, cookies y otra informaci\u00f3n recopilada de su navegador, que podr\u00e1n utilizarse para medir la eficacia de la publicidad en l\u00ednea. Puede solicitar la cancelaci\u00f3n de la suscripci\u00f3n a esta publicidad poni\u00e9ndose en contacto con nosotros en la siguiente direcci\u00f3n de correo electr\u00f3nico: privacy@strauhs.com.<\/li>\n\n\n\n<li>Nuestros socios: Podemos asociarnos con otras empresas para realizar trabajos en nuestro nombre y, para hacerlo, necesitaremos compartir sus datos personales con ellas para brindarle productos y servicios.<\/li>\n\n\n\n<li>Estad\u00edsticas: Los datos almacenados por STRAUHS podr\u00e1n ser utilizados con fines estad\u00edsticos (an\u00e1lisis). Estos datos se agrupan con el objetivo de proporcionar un an\u00e1lisis macro del escenario y, por lo tanto, no buscan identificar ni hacer identificables a los titulares de los datos personales, sino solo comprender mejor c\u00f3mo acceden a los sitios web de STRAUHS, con el prop\u00f3sito de mejorar la prestaci\u00f3n de servicios y personalizar productos m\u00e1s espec\u00edficos a los intereses de los usuarios.<\/li>\n<\/ul>\n\n\n\n<p>Salvo la informaci\u00f3n que constituya secreto industrial o comercial de STRAUHS, el visitante podr\u00e1, en cualquier momento, tener acceso a sus datos personales tratados por STRAUHS en sus sitios web, contactando a la siguiente direcci\u00f3n de correo electr\u00f3nico: privacy@strauhs.com.<\/p>\n\n\n\n<p><strong>PROPIEDAD INTELECTUAL Y RECURSOS<\/strong><\/p>\n\n\n\n<p>Las partes involucradas en los sitios web reconocen que la marca \u201cSTRAUHS\u201d es propiedad exclusiva de STRAUHS.<\/p>\n\n\n\n<p><strong>PERIODO DE VALIDEZ<\/strong><\/p>\n\n\n\n<p>Los sitios web funcionar\u00e1n indefinidamente, pudiendo STRAUHS desactivarlos en cualquier momento. Si se cierran los sitios web de STRAUHS, los datos personales registrados se eliminar\u00e1n de la base de datos que almacenamos como respaldo.<\/p>\n\n\n\n<p><strong>DISPOSICIONES GENERALES<\/strong><\/p>\n\n\n\n<p>El presente documento de Condiciones Generales de Uso est\u00e1 en vigor a partir del 26 de marzo de 2021 y podr\u00e1 ser modificado, suspendido o cancelado en cualquier momento y por cualquier motivo, previa comunicaci\u00f3n a los visitantes de los sitios web de STRAUHS. Todas las dudas y\/o consultas deber\u00e1n enviarse a trav\u00e9s de los m\u00e9todos de contacto disponibles en los sitios web de STRAUHS. Este documento se rige por el C\u00f3digo Civil Brasile\u00f1o y dem\u00e1s normativa brasile\u00f1a aplicable, y cualquier conflicto deber\u00e1 resolverse en los tribunales del Distrito de &#8212;&#8212;&#8212;-, Estado de &#8212;&#8212;&#8212;&#8212;&#8211;.<\/p>\n","protected":false},"excerpt":{"rendered":"<p>Condiciones Generales de Uso Las presentes Condiciones Generales de Uso regulan la forma de utilizaci\u00f3n de los siguientes sitios web: Los sitios web, la marca y todos los derechos accesorios son propiedad exclusiva de STRAUHS, persona jur\u00eddica de derecho privado, registrada en el CNPJ\/MF con el n.\u00ba 001468. 00,000,000\/0000-00, domiciliada en la calle &#8212;&#8212; &#8212;&#8212;&#8211;, [&hellip;]<\/p>\n","protected":false},"author":1,"featured_media":0,"parent":0,"menu_order":0,"comment_status":"closed","ping_status":"closed","template":"template-termos-e-condicoes-gerais-de-uso.php","meta":{"_acf_changed":false,"_exactmetrics_skip_tracking":false,"_exactmetrics_sitenote_active":false,"_exactmetrics_sitenote_note":"","_exactmetrics_sitenote_category":0,"footnotes":""},"class_list":["post-3177","page","type-page","status-publish","hentry"],"acf":[],"yoast_head":"<!-- This site is optimized with the Yoast SEO plugin v25.0 - https:\/\/yoast.com\/wordpress\/plugins\/seo\/ -->\n<title>Condiciones Generales de Uso - Strauhs<\/title>\n<meta name=\"robots\" content=\"index, follow, max-snippet:-1, max-image-preview:large, max-video-preview:-1\" \/>\n<link rel=\"canonical\" href=\"https:\/\/www.strauhs.com.br\/es\/condiciones-generales-de-uso\/\" \/>\n<meta property=\"og:locale\" content=\"es_ES\" \/>\n<meta property=\"og:type\" content=\"article\" \/>\n<meta property=\"og:title\" content=\"Condiciones Generales de Uso - Strauhs\" \/>\n<meta property=\"og:description\" content=\"Condiciones Generales de Uso Las presentes Condiciones Generales de Uso regulan la forma de utilizaci\u00f3n de los siguientes sitios web: Los sitios web, la marca y todos los derechos accesorios son propiedad exclusiva de STRAUHS, persona jur\u00eddica de derecho privado, registrada en el CNPJ\/MF con el n.\u00ba 001468. 00,000,000\/0000-00, domiciliada en la calle &#8212;&#8212; &#8212;&#8212;&#8211;, [&hellip;]\" \/>\n<meta property=\"og:url\" content=\"https:\/\/www.strauhs.com.br\/es\/condiciones-generales-de-uso\/\" \/>\n<meta property=\"og:site_name\" content=\"Strauhs\" \/>\n<meta property=\"article:publisher\" content=\"https:\/\/www.facebook.com\/strauhsequipamentos\" \/>\n<meta property=\"article:modified_time\" content=\"2025-04-22T18:15:15+00:00\" \/>\n<meta name=\"twitter:card\" content=\"summary_large_image\" \/>\n<meta name=\"twitter:label1\" content=\"Tiempo de lectura\" \/>\n\t<meta name=\"twitter:data1\" content=\"4 minutos\" \/>\n<script type=\"application\/ld+json\" class=\"yoast-schema-graph\">{\"@context\":\"https:\/\/schema.org\",\"@graph\":[{\"@type\":\"WebPage\",\"@id\":\"https:\/\/www.strauhs.com.br\/es\/condiciones-generales-de-uso\/\",\"url\":\"https:\/\/www.strauhs.com.br\/es\/condiciones-generales-de-uso\/\",\"name\":\"Condiciones Generales de Uso - Strauhs\",\"isPartOf\":{\"@id\":\"https:\/\/www.strauhs.com.br\/es\/#website\"},\"datePublished\":\"2025-04-22T18:09:31+00:00\",\"dateModified\":\"2025-04-22T18:15:15+00:00\",\"breadcrumb\":{\"@id\":\"https:\/\/www.strauhs.com.br\/es\/condiciones-generales-de-uso\/#breadcrumb\"},\"inLanguage\":\"es\",\"potentialAction\":[{\"@type\":\"ReadAction\",\"target\":[\"https:\/\/www.strauhs.com.br\/es\/condiciones-generales-de-uso\/\"]}]},{\"@type\":\"BreadcrumbList\",\"@id\":\"https:\/\/www.strauhs.com.br\/es\/condiciones-generales-de-uso\/#breadcrumb\",\"itemListElement\":[{\"@type\":\"ListItem\",\"position\":1,\"name\":\"In\u00edcio\",\"item\":\"https:\/\/www.strauhs.com.br\/es\/\"},{\"@type\":\"ListItem\",\"position\":2,\"name\":\"Condiciones Generales de Uso\"}]},{\"@type\":\"WebSite\",\"@id\":\"https:\/\/www.strauhs.com.br\/es\/#website\",\"url\":\"https:\/\/www.strauhs.com.br\/es\/\",\"name\":\"Strauhs Equipamentos\",\"description\":\"Tecnologia em Equipamentos\",\"publisher\":{\"@id\":\"https:\/\/www.strauhs.com.br\/es\/#organization\"},\"potentialAction\":[{\"@type\":\"SearchAction\",\"target\":{\"@type\":\"EntryPoint\",\"urlTemplate\":\"https:\/\/www.strauhs.com.br\/es\/?s={search_term_string}\"},\"query-input\":{\"@type\":\"PropertyValueSpecification\",\"valueRequired\":true,\"valueName\":\"search_term_string\"}}],\"inLanguage\":\"es\"},{\"@type\":\"Organization\",\"@id\":\"https:\/\/www.strauhs.com.br\/es\/#organization\",\"name\":\"Strauhs Equipamentos\",\"url\":\"https:\/\/www.strauhs.com.br\/es\/\",\"logo\":{\"@type\":\"ImageObject\",\"inLanguage\":\"es\",\"@id\":\"https:\/\/www.strauhs.com.br\/es\/#\/schema\/logo\/image\/\",\"url\":\"https:\/\/www.strauhs.com.br\/site\/uploads\/2025\/05\/logo-wp.png\",\"contentUrl\":\"https:\/\/www.strauhs.com.br\/site\/uploads\/2025\/05\/logo-wp.png\",\"width\":294,\"height\":86,\"caption\":\"Strauhs Equipamentos\"},\"image\":{\"@id\":\"https:\/\/www.strauhs.com.br\/es\/#\/schema\/logo\/image\/\"},\"sameAs\":[\"https:\/\/www.facebook.com\/strauhsequipamentos\",\"https:\/\/www.linkedin.com\/company\/strauhs-equipamentos\/\",\"https:\/\/www.instagram.com\/strauhsequipamentos\/\",\"https:\/\/www.youtube.com\/@strauhsequipamentos1308\"]}]}<\/script>\n<!-- \/ Yoast SEO plugin. -->","yoast_head_json":{"title":"Condiciones Generales de Uso - Strauhs","robots":{"index":"index","follow":"follow","max-snippet":"max-snippet:-1","max-image-preview":"max-image-preview:large","max-video-preview":"max-video-preview:-1"},"canonical":"https:\/\/www.strauhs.com.br\/es\/condiciones-generales-de-uso\/","og_locale":"es_ES","og_type":"article","og_title":"Condiciones Generales de Uso - Strauhs","og_description":"Condiciones Generales de Uso Las presentes Condiciones Generales de Uso regulan la forma de utilizaci\u00f3n de los siguientes sitios web: Los sitios web, la marca y todos los derechos accesorios son propiedad exclusiva de STRAUHS, persona jur\u00eddica de derecho privado, registrada en el CNPJ\/MF con el n.\u00ba 001468. 00,000,000\/0000-00, domiciliada en la calle &#8212;&#8212; &#8212;&#8212;&#8211;, [&hellip;]","og_url":"https:\/\/www.strauhs.com.br\/es\/condiciones-generales-de-uso\/","og_site_name":"Strauhs","article_publisher":"https:\/\/www.facebook.com\/strauhsequipamentos","article_modified_time":"2025-04-22T18:15:15+00:00","twitter_card":"summary_large_image","twitter_misc":{"Tiempo de lectura":"4 minutos"},"schema":{"@context":"https:\/\/schema.org","@graph":[{"@type":"WebPage","@id":"https:\/\/www.strauhs.com.br\/es\/condiciones-generales-de-uso\/","url":"https:\/\/www.strauhs.com.br\/es\/condiciones-generales-de-uso\/","name":"Condiciones Generales de Uso - Strauhs","isPartOf":{"@id":"https:\/\/www.strauhs.com.br\/es\/#website"},"datePublished":"2025-04-22T18:09:31+00:00","dateModified":"2025-04-22T18:15:15+00:00","breadcrumb":{"@id":"https:\/\/www.strauhs.com.br\/es\/condiciones-generales-de-uso\/#breadcrumb"},"inLanguage":"es","potentialAction":[{"@type":"ReadAction","target":["https:\/\/www.strauhs.com.br\/es\/condiciones-generales-de-uso\/"]}]},{"@type":"BreadcrumbList","@id":"https:\/\/www.strauhs.com.br\/es\/condiciones-generales-de-uso\/#breadcrumb","itemListElement":[{"@type":"ListItem","position":1,"name":"In\u00edcio","item":"https:\/\/www.strauhs.com.br\/es\/"},{"@type":"ListItem","position":2,"name":"Condiciones Generales de Uso"}]},{"@type":"WebSite","@id":"https:\/\/www.strauhs.com.br\/es\/#website","url":"https:\/\/www.strauhs.com.br\/es\/","name":"Strauhs Equipamentos","description":"Tecnologia em Equipamentos","publisher":{"@id":"https:\/\/www.strauhs.com.br\/es\/#organization"},"potentialAction":[{"@type":"SearchAction","target":{"@type":"EntryPoint","urlTemplate":"https:\/\/www.strauhs.com.br\/es\/?s={search_term_string}"},"query-input":{"@type":"PropertyValueSpecification","valueRequired":true,"valueName":"search_term_string"}}],"inLanguage":"es"},{"@type":"Organization","@id":"https:\/\/www.strauhs.com.br\/es\/#organization","name":"Strauhs Equipamentos","url":"https:\/\/www.strauhs.com.br\/es\/","logo":{"@type":"ImageObject","inLanguage":"es","@id":"https:\/\/www.strauhs.com.br\/es\/#\/schema\/logo\/image\/","url":"https:\/\/www.strauhs.com.br\/site\/uploads\/2025\/05\/logo-wp.png","contentUrl":"https:\/\/www.strauhs.com.br\/site\/uploads\/2025\/05\/logo-wp.png","width":294,"height":86,"caption":"Strauhs Equipamentos"},"image":{"@id":"https:\/\/www.strauhs.com.br\/es\/#\/schema\/logo\/image\/"},"sameAs":["https:\/\/www.facebook.com\/strauhsequipamentos","https:\/\/www.linkedin.com\/company\/strauhs-equipamentos\/","https:\/\/www.instagram.com\/strauhsequipamentos\/","https:\/\/www.youtube.com\/@strauhsequipamentos1308"]}]}},"_links":{"self":[{"href":"https:\/\/www.strauhs.com.br\/es\/wp-json\/wp\/v2\/pages\/3177","targetHints":{"allow":["GET"]}}],"collection":[{"href":"https:\/\/www.strauhs.com.br\/es\/wp-json\/wp\/v2\/pages"}],"about":[{"href":"https:\/\/www.strauhs.com.br\/es\/wp-json\/wp\/v2\/types\/page"}],"author":[{"embeddable":true,"href":"https:\/\/www.strauhs.com.br\/es\/wp-json\/wp\/v2\/users\/1"}],"replies":[{"embeddable":true,"href":"https:\/\/www.strauhs.com.br\/es\/wp-json\/wp\/v2\/comments?post=3177"}],"version-history":[{"count":1,"href":"https:\/\/www.strauhs.com.br\/es\/wp-json\/wp\/v2\/pages\/3177\/revisions"}],"predecessor-version":[{"id":3178,"href":"https:\/\/www.strauhs.com.br\/es\/wp-json\/wp\/v2\/pages\/3177\/revisions\/3178"}],"wp:attachment":[{"href":"https:\/\/www.strauhs.com.br\/es\/wp-json\/wp\/v2\/media?parent=3177"}],"curies":[{"name":"wp","href":"https:\/\/api.w.org\/{rel}","templated":true}]}}